{"id":1525,"date":"2024-10-30T16:18:41","date_gmt":"2024-10-30T16:18:41","guid":{"rendered":"https:\/\/angelespeluqueria.com\/makeup\/"},"modified":"2025-10-29T20:20:49","modified_gmt":"2025-10-29T20:20:49","slug":"makeup","status":"publish","type":"page","link":"https:\/\/angelespeluqueria.com\/en\/makeup\/","title":{"rendered":"Makeup in Playa de Las Am\u00e9ricas"},"content":{"rendered":"<p><div class=\"fusion-fullwidth fullwidth-box fusion-builder-row-1 fusion-flex-container has-pattern-background has-mask-background nonhundred-percent-fullwidth non-hundred-percent-height-scrolling\" style=\"--link_hover_color: var(--awb-color5);--link_color: var(--awb-color5);--awb-border-sizes-top:0px;--awb-border-sizes-bottom:0px;--awb-border-sizes-left:0px;--awb-border-sizes-right:0px;--awb-border-radius-top-left:0px;--awb-border-radius-top-right:0px;--awb-border-radius-bottom-right:0px;--awb-border-radius-bottom-left:0px;--awb-padding-top:100px;--awb-padding-right:80px;--awb-padding-bottom:100px;--awb-padding-left:80px;--awb-padding-top-small:60px;--awb-padding-bottom-small:60px;--awb-margin-top:0px;--awb-margin-bottom:5%;--awb-margin-bottom-medium:70px;--awb-margin-bottom-small:60px;--awb-background-color:var(--awb-color3);--awb-flex-wrap:wrap;\" ><div class=\"fusion-builder-row fusion-row fusion-flex-align-items-center fusion-flex-justify-content-center fusion-flex-content-wrap\" style=\"max-width:calc( 1100px + 120px );margin-left: calc(-120px \/ 2 );margin-right: calc(-120px \/ 2 );\"><div class=\"fusion-layout-column fusion_builder_column fusion-builder-column-0 fusion_builder_column_1_2 1_2 fusion-flex-column fusion-animated\" style=\"--awb-bg-size:cover;--awb-width-large:50%;--awb-margin-top-large:0px;--awb-spacing-right-large:calc( 0.04 * calc( 100% - 120px ) );--awb-margin-bottom-large:0px;--awb-spacing-left-large:60px;--awb-width-medium:60%;--awb-order-medium:0;--awb-spacing-right-medium:calc( 0.033333333333333 * calc( 100% - 120px ) );--awb-spacing-left-medium:60px;--awb-width-small:100%;--awb-order-small:1;--awb-spacing-right-small:60px;--awb-spacing-left-small:60px;\" data-animationType=\"fadeInLeft\" data-animationDuration=\"1.3\" data-animationOffset=\"top-into-view\" data-scroll-devices=\"small-visibility,medium-visibility,large-visibility\"><div class=\"fusion-column-wrapper fusion-column-has-shadow fusion-flex-justify-content-flex-start fusion-content-layout-column\"><div class=\"fusion-title title fusion-title-1 fusion-sep-none fusion-title-text fusion-title-size-two\" style=\"--awb-text-color:var(--awb-color1);--awb-margin-top:10px;--awb-margin-top-small:10px;--awb-margin-right-small:0px;--awb-margin-bottom-small:10px;--awb-margin-left-small:0px;\"><h2 class=\"fusion-title-heading title-heading-left fusion-responsive-typography-calculated\" style=\"margin:0;--fontSize:72;line-height:var(--awb-typography1-line-height);\">Makeup<\/h2><\/div><div class=\"fusion-text fusion-text-1 fusion-text-no-margin\" style=\"--awb-font-size:var(--awb-typography4-font-size);--awb-line-height:var(--awb-typography4-line-height);--awb-letter-spacing:var(--awb-typography4-letter-spacing);--awb-text-transform:var(--awb-typography4-text-transform);--awb-text-color:hsla(var(--awb-color1-h),var(--awb-color1-s),var(--awb-color1-l),calc(var(--awb-color1-a) - 28%));--awb-margin-right:120px;--awb-margin-bottom:45px;--awb-text-font-family:var(--awb-typography4-font-family);--awb-text-font-weight:var(--awb-typography4-font-weight);--awb-text-font-style:var(--awb-typography4-font-style);\"><p>From natural looks to special occasion makeup.<\/p>\n<\/div><div ><a class=\"fusion-button button-flat fusion-button-default-size button-custom fusion-button-default button-1 fusion-button-default-span \" style=\"--button_accent_color:var(--awb-color6);--button_border_color:var(--awb-color5);--button_accent_hover_color:var(--awb-color1);--button_border_hover_color:var(--awb-color5);--button_border_width-top:0px;--button_border_width-right:0px;--button_border_width-bottom:0px;--button_border_width-left:0px;--button_gradient_top_color:var(--awb-color1);--button_gradient_bottom_color:var(--awb-color1);--button_gradient_top_color_hover:var(--awb-color6);--button_gradient_bottom_color_hover:var(--awb-color6);--button_text_transform:var(--awb-typography3-text-transform);--button_font_size:15px;--button_line_height:var(--awb-typography3-line-height);--button_padding-top:20px;--button_padding-right:40px;--button_padding-bottom:20px;--button_padding-left:40px;--button_typography-letter-spacing:var(--awb-typography3-letter-spacing);--button_typography-font-family:var(--awb-typography3-font-family);--button_typography-font-weight:var(--awb-typography3-font-weight);--button_typography-font-style:var(--awb-typography3-font-style);\" target=\"_self\" href=\"https:\/\/angelespeluqueria.com\/en\/contact\/\"><span class=\"fusion-button-text awb-button__text awb-button__text--default\">REQUEST APPOINTMENT<\/span><\/a><\/div><\/div><\/div><div class=\"fusion-layout-column fusion_builder_column fusion-builder-column-1 fusion_builder_column_1_2 1_2 fusion-flex-column fusion-animated\" style=\"--awb-bg-size:cover;--awb-width-large:50%;--awb-margin-top-large:0px;--awb-spacing-right-large:60px;--awb-margin-bottom-large:0px;--awb-spacing-left-large:calc( 0.04 * calc( 100% - 120px ) );--awb-width-medium:40%;--awb-order-medium:0;--awb-spacing-right-medium:60px;--awb-spacing-left-medium:calc( 0.05 * calc( 100% - 120px ) );--awb-width-small:100%;--awb-order-small:0;--awb-spacing-right-small:60px;--awb-margin-bottom-small:50px;--awb-spacing-left-small:60px;\" data-animationType=\"fadeInRight\" data-animationDuration=\"1.3\" data-animationOffset=\"top-into-view\"><div class=\"fusion-column-wrapper fusion-column-has-shadow fusion-flex-justify-content-flex-start fusion-content-layout-column\"><div class=\"fusion-image-element \" style=\"--awb-caption-overlay-color:var(--awb-color4);--awb-caption-title-font-family:var(--h2_typography-font-family);--awb-caption-title-font-weight:var(--h2_typography-font-weight);--awb-caption-title-font-style:var(--h2_typography-font-style);--awb-caption-title-size:var(--h2_typography-font-size);--awb-caption-title-transform:var(--h2_typography-text-transform);--awb-caption-title-line-height:var(--h2_typography-line-height);--awb-caption-title-letter-spacing:var(--h2_typography-letter-spacing);\"><span class=\" fusion-imageframe imageframe-none imageframe-1 hover-type-none\" style=\"border-radius:20px;\"><img decoding=\"async\" width=\"300\" height=\"373\" alt=\"Angeles D\u00edaz Beauty Salon\" title=\"maquillaje\" src=\"https:\/\/angelespeluqueria.com\/wp-content\/uploads\/2024\/10\/maquillaje.jpg\" data-orig-src=\"https:\/\/angelespeluqueria.com\/wp-content\/uploads\/2024\/10\/maquillaje.jpg\" class=\"lazyload img-responsive wp-image-1308\" srcset=\"data:image\/svg+xml,%3Csvg%20xmlns%3D%27http%3A%2F%2Fwww.w3.org%2F2000%2Fsvg%27%20width%3D%27300%27%20height%3D%27373%27%20viewBox%3D%270%200%20300%20373%27%3E%3Crect%20width%3D%27300%27%20height%3D%27373%27%20fill-opacity%3D%220%22%2F%3E%3C%2Fsvg%3E\" data-srcset=\"https:\/\/angelespeluqueria.com\/wp-content\/uploads\/2024\/10\/maquillaje-200x249.jpg 200w, https:\/\/angelespeluqueria.com\/wp-content\/uploads\/2024\/10\/maquillaje.jpg 300w\" data-sizes=\"auto\" data-orig-sizes=\"(max-width: 800px) 100vw, (max-width: 640px) 100vw, 300px\" \/><\/span><\/div><\/div><\/div><\/div><\/div><div class=\"fusion-fullwidth fullwidth-box fusion-builder-row-2 fusion-flex-container has-pattern-background has-mask-background nonhundred-percent-fullwidth non-hundred-percent-height-scrolling\" style=\"--link_hover_color: var(--awb-color4);--awb-border-sizes-top:0px;--awb-border-sizes-bottom:0px;--awb-border-sizes-left:0px;--awb-border-sizes-right:0px;--awb-border-radius-top-left:0px;--awb-border-radius-top-right:0px;--awb-border-radius-bottom-right:0px;--awb-border-radius-bottom-left:0px;--awb-padding-top:0px;--awb-padding-right:30px;--awb-padding-bottom:50px;--awb-padding-left:30px;--awb-margin-top:0px;--awb-margin-bottom:0px;--awb-margin-bottom-medium:70px;--awb-margin-bottom-small:60px;--awb-background-color:var(--awb-color1);--awb-flex-wrap:wrap;\" ><div class=\"fusion-builder-row fusion-row fusion-flex-align-items-stretch fusion-flex-justify-content-center fusion-flex-content-wrap\" style=\"max-width:1144px;margin-left: calc(-4% \/ 2 );margin-right: calc(-4% \/ 2 );\"><div class=\"fusion-layout-column fusion_builder_column fusion-builder-column-2 fusion_builder_column_1_1 1_1 fusion-flex-column fusion-animated\" style=\"--awb-bg-size:cover;--awb-width-large:100%;--awb-margin-top-large:0px;--awb-spacing-right-large:1.92%;--awb-margin-bottom-large:70px;--awb-spacing-left-large:1.92%;--awb-width-medium:100%;--awb-order-medium:0;--awb-spacing-right-medium:1.92%;--awb-margin-bottom-medium:70px;--awb-spacing-left-medium:1.92%;--awb-width-small:100%;--awb-order-small:0;--awb-spacing-right-small:1.92%;--awb-margin-bottom-small:60px;--awb-spacing-left-small:1.92%;\" data-animationType=\"fadeInUp\" data-animationDuration=\"1.3\" data-animationOffset=\"top-into-view\"><div class=\"fusion-column-wrapper fusion-column-has-shadow fusion-flex-justify-content-flex-start fusion-content-layout-column\"><div class=\"fusion-title title fusion-title-2 fusion-no-small-visibility fusion-no-medium-visibility fusion-sep-none fusion-title-center fusion-title-text fusion-title-size-two\" style=\"--awb-text-color:var(--awb-color8);--awb-margin-top:0px;--awb-margin-top-small:10px;--awb-margin-right-small:0px;--awb-margin-bottom-small:10px;--awb-margin-left-small:0px;\"><h2 class=\"fusion-title-heading title-heading-center fusion-responsive-typography-calculated\" style=\"margin:0;--fontSize:72;line-height:var(--awb-typography1-line-height);\">We express creativity by enhancing your natural beauty<\/h2><\/div><div class=\"fusion-title title fusion-title-3 fusion-no-large-visibility fusion-sep-none fusion-title-center fusion-title-text fusion-title-size-two\" style=\"--awb-text-color:var(--awb-color8);--awb-margin-top:0px;--awb-margin-top-small:10px;--awb-margin-right-small:0px;--awb-margin-bottom-small:10px;--awb-margin-left-small:0px;--awb-margin-bottom-medium:20px;--awb-font-size:36px;\"><h2 class=\"fusion-title-heading title-heading-center fusion-responsive-typography-calculated\" style=\"margin:0;font-size:1em;--fontSize:36;line-height:1.39;\">We express creativity by enhancing your natural beauty<\/h2><\/div><div class=\"fusion-text fusion-text-2 fusion-text-no-margin\" style=\"--awb-content-alignment:center;--awb-font-size:var(--awb-typography4-font-size);--awb-line-height:var(--awb-typography4-line-height);--awb-letter-spacing:var(--awb-typography4-letter-spacing);--awb-text-transform:var(--awb-typography4-text-transform);--awb-text-color:hsla(var(--awb-color8-h),var(--awb-color8-s),var(--awb-color8-l),calc(var(--awb-color8-a) - 20%));--awb-margin-right:20%;--awb-margin-bottom:0px;--awb-margin-left:20%;--awb-text-font-family:var(--awb-typography4-font-family);--awb-text-font-weight:var(--awb-typography4-font-weight);--awb-text-font-style:var(--awb-typography4-font-style);\"><p>Natural, party or evening make-up.<\/p>\n<\/div><\/div><\/div><\/div><\/div><div class=\"fusion-fullwidth fullwidth-box fusion-builder-row-3 fusion-flex-container has-pattern-background has-mask-background nonhundred-percent-fullwidth non-hundred-percent-height-scrolling\" style=\"--link_hover_color: var(--awb-color5);--link_color: var(--awb-color5);--awb-border-sizes-top:0px;--awb-border-sizes-bottom:0px;--awb-border-sizes-left:0px;--awb-border-sizes-right:0px;--awb-border-radius-top-left:0px;--awb-border-radius-top-right:0px;--awb-border-radius-bottom-right:0px;--awb-border-radius-bottom-left:0px;--awb-padding-top:10px;--awb-padding-right:30px;--awb-padding-bottom:90px;--awb-padding-left:30px;--awb-padding-bottom-medium:120px;--awb-padding-top-small:0px;--awb-padding-right-small:50px;--awb-padding-bottom-small:50px;--awb-padding-left-small:50px;--awb-margin-top:0px;--awb-margin-bottom:0px;--awb-margin-bottom-medium:0px;--awb-background-color:var(--awb-color1);--awb-flex-wrap:wrap;\" ><div class=\"fusion-builder-row fusion-row fusion-flex-align-items-center fusion-flex-justify-content-space-evenly fusion-flex-content-wrap\" style=\"max-width:calc( 1100px + 120px );margin-left: calc(-120px \/ 2 );margin-right: calc(-120px \/ 2 );\"><div class=\"fusion-layout-column fusion_builder_column fusion-builder-column-3 fusion_builder_column_1_2 1_2 fusion-flex-column fusion-animated\" style=\"--awb-bg-size:cover;--awb-width-large:50%;--awb-margin-top-large:0px;--awb-spacing-right-large:60px;--awb-margin-bottom-large:0px;--awb-spacing-left-large:calc( 0.1 * calc( 100% - 120px ) );--awb-width-medium:50%;--awb-order-medium:0;--awb-spacing-right-medium:60px;--awb-margin-bottom-medium:0px;--awb-spacing-left-medium:calc( 0.1 * calc( 100% - 120px ) );--awb-width-small:100%;--awb-order-small:1;--awb-spacing-right-small:60px;--awb-spacing-left-small:60px;\" data-animationType=\"fadeInLeft\" data-animationDuration=\"1.3\" data-animationOffset=\"top-into-view\"><div class=\"fusion-column-wrapper fusion-column-has-shadow fusion-flex-justify-content-flex-start fusion-content-layout-column\"><div class=\"fusion-title title fusion-title-4 fusion-sep-none fusion-title-text fusion-title-size-three\" style=\"--awb-text-color:var(--awb-color4);--awb-margin-top-small:0px;--awb-margin-right-small:0px;--awb-margin-bottom-small:20px;--awb-margin-left-small:0px;\"><h3 class=\"fusion-title-heading title-heading-left fusion-responsive-typography-calculated\" style=\"margin:0;--fontSize:45;line-height:var(--awb-typography1-line-height);\">Makeup<\/h3><\/div><div class=\"fusion-separator\" style=\"align-self: flex-start;margin-right:auto;margin-top:0px;margin-bottom:10px;width:100%;max-width:120px;\"><div class=\"fusion-separator-border sep-single sep-solid\" style=\"--awb-height:20px;--awb-amount:20px;border-color:var(--awb-color3);border-top-width:2px;\"><\/div><\/div><div class=\"fusion-text fusion-text-3\"><p>Makeup is an art form that allows you to express your creativity and enhance your natural beauty. From the use of foundations and concealers to eyeshadows and lipsticks, each product has its specific purpose and technique. Types of Makeup:<\/p>\n<ol>\n<li><strong>Natural Makeup.<\/strong> This style seeks to enhance the features without looking overdone. It uses a light foundation, a little blush and neutral tones on the eyes. Ideal for an everyday look or informal events.<\/li>\n<li><strong>Evening Makeup.<\/strong> Here you can play more with colors and textures. You can opt for smoky eyes or more intense lips. The key is balance; if the eyes are the focus, the lips can be more subtle, and vice versa.<\/li>\n<li><strong>Party Makeup<\/strong>. This is bolder and can include glitter, vibrant colors and elements such as glitter. It is perfect for celebrations and special occasions.<\/li>\n<\/ol>\n<p>Makeup is not only about covering imperfections, but also about experimenting and having fun. Everyone can find their own unique style, which makes makeup a personal and creative experience.<\/p>\n<\/div><\/div><\/div><div class=\"fusion-layout-column fusion_builder_column fusion-builder-column-4 fusion_builder_column_1_2 1_2 fusion-flex-column fusion-flex-align-self-center\" style=\"--awb-bg-size:cover;--awb-width-large:50%;--awb-margin-top-large:0px;--awb-spacing-right-large:calc( 0.048 * calc( 100% - 120px ) );--awb-margin-bottom-large:20px;--awb-spacing-left-large:60px;--awb-width-medium:50%;--awb-order-medium:0;--awb-spacing-right-medium:calc( 0.048 * calc( 100% - 120px ) );--awb-spacing-left-medium:60px;--awb-width-small:100%;--awb-order-small:0;--awb-spacing-right-small:60px;--awb-margin-bottom-small:35px;--awb-spacing-left-small:60px;\" data-scroll-devices=\"small-visibility,medium-visibility,large-visibility\"><div class=\"fusion-column-wrapper fusion-column-has-shadow fusion-flex-justify-content-center fusion-content-layout-column\"><div class=\"fusion-image-element \" style=\"--awb-caption-title-font-family:var(--h2_typography-font-family);--awb-caption-title-font-weight:var(--h2_typography-font-weight);--awb-caption-title-font-style:var(--h2_typography-font-style);--awb-caption-title-size:var(--h2_typography-font-size);--awb-caption-title-transform:var(--h2_typography-text-transform);--awb-caption-title-line-height:var(--h2_typography-line-height);--awb-caption-title-letter-spacing:var(--h2_typography-letter-spacing);\"><span class=\" fusion-imageframe imageframe-none imageframe-2 hover-type-none\" style=\"border-radius:20px;\"><img decoding=\"async\" width=\"800\" height=\"500\" alt=\"Maquillaje en Playa de Las Am\u00e9ricas\" title=\"Maquillaje (1)\" src=\"https:\/\/angelespeluqueria.com\/wp-content\/uploads\/2024\/10\/Maquillaje-1.jpg\" data-orig-src=\"https:\/\/angelespeluqueria.com\/wp-content\/uploads\/2024\/10\/Maquillaje-1.jpg\" class=\"lazyload img-responsive wp-image-1338\" srcset=\"data:image\/svg+xml,%3Csvg%20xmlns%3D%27http%3A%2F%2Fwww.w3.org%2F2000%2Fsvg%27%20width%3D%27800%27%20height%3D%27500%27%20viewBox%3D%270%200%20800%20500%27%3E%3Crect%20width%3D%27800%27%20height%3D%27500%27%20fill-opacity%3D%220%22%2F%3E%3C%2Fsvg%3E\" data-srcset=\"https:\/\/angelespeluqueria.com\/wp-content\/uploads\/2024\/10\/Maquillaje-1-200x125.jpg 200w, https:\/\/angelespeluqueria.com\/wp-content\/uploads\/2024\/10\/Maquillaje-1-400x250.jpg 400w, https:\/\/angelespeluqueria.com\/wp-content\/uploads\/2024\/10\/Maquillaje-1-600x375.jpg 600w, https:\/\/angelespeluqueria.com\/wp-content\/uploads\/2024\/10\/Maquillaje-1.jpg 800w\" data-sizes=\"auto\" data-orig-sizes=\"(max-width: 800px) 100vw, (max-width: 640px) 100vw, 600px\" \/><\/span><\/div><\/div><\/div><\/div><\/div><\/p>\n","protected":false},"excerpt":{"rendered":"","protected":false},"author":1,"featured_media":0,"parent":0,"menu_order":0,"comment_status":"closed","ping_status":"closed","template":"100-width.php","meta":{"footnotes":""},"class_list":["post-1525","page","type-page","status-publish","hentry"],"yoast_head":"<!-- This site is optimized with the Yoast SEO plugin v27.4 - https:\/\/yoast.com\/product\/yoast-seo-wordpress\/ -->\n<title>Makeup in Playa de Las Am\u00e9ricas - Angeles D\u00edaz Beauty Salon<\/title>\n<meta name=\"description\" content=\"Makeup in Playa de Las Am\u00e9ricas at Angeles D\u00edaz Beauty Salon, Natural makeup, for parties, at night or for special occasions\" \/>\n<meta name=\"robots\" content=\"index, follow, max-snippet:-1, max-image-preview:large, max-video-preview:-1\" \/>\n<link rel=\"canonical\" href=\"https:\/\/angelespeluqueria.com\/en\/makeup\/\" \/>\n<meta property=\"og:locale\" content=\"en_US\" \/>\n<meta property=\"og:type\" content=\"article\" \/>\n<meta property=\"og:title\" content=\"Makeup in Playa de Las Am\u00e9ricas - Angeles D\u00edaz Beauty Salon\" \/>\n<meta property=\"og:description\" content=\"Makeup in Playa de Las Am\u00e9ricas at Angeles D\u00edaz Beauty Salon, Natural makeup, for parties, at night or for special occasions\" \/>\n<meta property=\"og:url\" content=\"https:\/\/angelespeluqueria.com\/en\/makeup\/\" \/>\n<meta property=\"og:site_name\" content=\"Angeles D\u00edaz Beauty Salon\" \/>\n<meta property=\"article:publisher\" content=\"https:\/\/www.facebook.com\/adbeautysalon.74\/\" \/>\n<meta property=\"article:modified_time\" content=\"2025-10-29T20:20:49+00:00\" \/>\n<meta property=\"og:image\" content=\"https:\/\/angelespeluqueria.com\/wp-content\/uploads\/2024\/11\/foto-seo-Angeles-Diaz-Beauty-Salon.jpg\" \/>\n\t<meta property=\"og:image:width\" content=\"1200\" \/>\n\t<meta property=\"og:image:height\" content=\"675\" \/>\n\t<meta property=\"og:image:type\" content=\"image\/jpeg\" \/>\n<meta name=\"twitter:card\" content=\"summary_large_image\" \/>\n<meta name=\"twitter:label1\" content=\"Est. reading time\" \/>\n\t<meta name=\"twitter:data1\" content=\"2 minutes\" \/>\n<script type=\"application\/ld+json\" class=\"yoast-schema-graph\">{\"@context\":\"https:\\\/\\\/schema.org\",\"@graph\":[{\"@type\":\"WebPage\",\"@id\":\"https:\\\/\\\/angelespeluqueria.com\\\/en\\\/makeup\\\/\",\"url\":\"https:\\\/\\\/angelespeluqueria.com\\\/en\\\/makeup\\\/\",\"name\":\"Makeup in Playa de Las Am\u00e9ricas - Angeles D\u00edaz Beauty Salon\",\"isPartOf\":{\"@id\":\"https:\\\/\\\/angelespeluqueria.com\\\/en\\\/#website\"},\"datePublished\":\"2024-10-30T16:18:41+00:00\",\"dateModified\":\"2025-10-29T20:20:49+00:00\",\"description\":\"Makeup in Playa de Las Am\u00e9ricas at Angeles D\u00edaz Beauty Salon, Natural makeup, for parties, at night or for special occasions\",\"breadcrumb\":{\"@id\":\"https:\\\/\\\/angelespeluqueria.com\\\/en\\\/makeup\\\/#breadcrumb\"},\"inLanguage\":\"en-US\",\"potentialAction\":[{\"@type\":\"ReadAction\",\"target\":[\"https:\\\/\\\/angelespeluqueria.com\\\/en\\\/makeup\\\/\"]}]},{\"@type\":\"BreadcrumbList\",\"@id\":\"https:\\\/\\\/angelespeluqueria.com\\\/en\\\/makeup\\\/#breadcrumb\",\"itemListElement\":[{\"@type\":\"ListItem\",\"position\":1,\"name\":\"Portada\",\"item\":\"https:\\\/\\\/angelespeluqueria.com\\\/en\\\/\"},{\"@type\":\"ListItem\",\"position\":2,\"name\":\"Makeup in Playa de Las Am\u00e9ricas\"}]},{\"@type\":\"WebSite\",\"@id\":\"https:\\\/\\\/angelespeluqueria.com\\\/en\\\/#website\",\"url\":\"https:\\\/\\\/angelespeluqueria.com\\\/en\\\/\",\"name\":\"Angeles D\u00edaz Beauty Salon\",\"description\":\"Angeles D\u00edaz Peluquer\u00eda en Playa de Las Am\u00e9ricas, Nails\",\"publisher\":{\"@id\":\"https:\\\/\\\/angelespeluqueria.com\\\/en\\\/#organization\"},\"potentialAction\":[{\"@type\":\"SearchAction\",\"target\":{\"@type\":\"EntryPoint\",\"urlTemplate\":\"https:\\\/\\\/angelespeluqueria.com\\\/en\\\/?s={search_term_string}\"},\"query-input\":{\"@type\":\"PropertyValueSpecification\",\"valueRequired\":true,\"valueName\":\"search_term_string\"}}],\"inLanguage\":\"en-US\"},{\"@type\":\"Organization\",\"@id\":\"https:\\\/\\\/angelespeluqueria.com\\\/en\\\/#organization\",\"name\":\"Angeles D\u00edaz Beauty Salon\",\"url\":\"https:\\\/\\\/angelespeluqueria.com\\\/en\\\/\",\"logo\":{\"@type\":\"ImageObject\",\"inLanguage\":\"en-US\",\"@id\":\"https:\\\/\\\/angelespeluqueria.com\\\/en\\\/#\\\/schema\\\/logo\\\/image\\\/\",\"url\":\"https:\\\/\\\/angelespeluqueria.com\\\/wp-content\\\/uploads\\\/2024\\\/10\\\/Logo-2-Angeles-Peluqueria.png\",\"contentUrl\":\"https:\\\/\\\/angelespeluqueria.com\\\/wp-content\\\/uploads\\\/2024\\\/10\\\/Logo-2-Angeles-Peluqueria.png\",\"width\":266,\"height\":123,\"caption\":\"Angeles D\u00edaz Beauty Salon\"},\"image\":{\"@id\":\"https:\\\/\\\/angelespeluqueria.com\\\/en\\\/#\\\/schema\\\/logo\\\/image\\\/\"},\"sameAs\":[\"https:\\\/\\\/www.facebook.com\\\/adbeautysalon.74\\\/\",\"https:\\\/\\\/www.instagram.com\\\/adbeautysalon.74\\\/?hl=es\"]}]}<\/script>\n<!-- \/ Yoast SEO plugin. -->","yoast_head_json":{"title":"Makeup in Playa de Las Am\u00e9ricas - Angeles D\u00edaz Beauty Salon","description":"Makeup in Playa de Las Am\u00e9ricas at Angeles D\u00edaz Beauty Salon, Natural makeup, for parties, at night or for special occasions","robots":{"index":"index","follow":"follow","max-snippet":"max-snippet:-1","max-image-preview":"max-image-preview:large","max-video-preview":"max-video-preview:-1"},"canonical":"https:\/\/angelespeluqueria.com\/en\/makeup\/","og_locale":"en_US","og_type":"article","og_title":"Makeup in Playa de Las Am\u00e9ricas - Angeles D\u00edaz Beauty Salon","og_description":"Makeup in Playa de Las Am\u00e9ricas at Angeles D\u00edaz Beauty Salon, Natural makeup, for parties, at night or for special occasions","og_url":"https:\/\/angelespeluqueria.com\/en\/makeup\/","og_site_name":"Angeles D\u00edaz Beauty Salon","article_publisher":"https:\/\/www.facebook.com\/adbeautysalon.74\/","article_modified_time":"2025-10-29T20:20:49+00:00","og_image":[{"width":1200,"height":675,"url":"https:\/\/angelespeluqueria.com\/wp-content\/uploads\/2024\/11\/foto-seo-Angeles-Diaz-Beauty-Salon.jpg","type":"image\/jpeg"}],"twitter_card":"summary_large_image","twitter_misc":{"Est. reading time":"2 minutes"},"schema":{"@context":"https:\/\/schema.org","@graph":[{"@type":"WebPage","@id":"https:\/\/angelespeluqueria.com\/en\/makeup\/","url":"https:\/\/angelespeluqueria.com\/en\/makeup\/","name":"Makeup in Playa de Las Am\u00e9ricas - Angeles D\u00edaz Beauty Salon","isPartOf":{"@id":"https:\/\/angelespeluqueria.com\/en\/#website"},"datePublished":"2024-10-30T16:18:41+00:00","dateModified":"2025-10-29T20:20:49+00:00","description":"Makeup in Playa de Las Am\u00e9ricas at Angeles D\u00edaz Beauty Salon, Natural makeup, for parties, at night or for special occasions","breadcrumb":{"@id":"https:\/\/angelespeluqueria.com\/en\/makeup\/#breadcrumb"},"inLanguage":"en-US","potentialAction":[{"@type":"ReadAction","target":["https:\/\/angelespeluqueria.com\/en\/makeup\/"]}]},{"@type":"BreadcrumbList","@id":"https:\/\/angelespeluqueria.com\/en\/makeup\/#breadcrumb","itemListElement":[{"@type":"ListItem","position":1,"name":"Portada","item":"https:\/\/angelespeluqueria.com\/en\/"},{"@type":"ListItem","position":2,"name":"Makeup in Playa de Las Am\u00e9ricas"}]},{"@type":"WebSite","@id":"https:\/\/angelespeluqueria.com\/en\/#website","url":"https:\/\/angelespeluqueria.com\/en\/","name":"Angeles D\u00edaz Beauty Salon","description":"Angeles D\u00edaz Peluquer\u00eda en Playa de Las Am\u00e9ricas, Nails","publisher":{"@id":"https:\/\/angelespeluqueria.com\/en\/#organization"},"potentialAction":[{"@type":"SearchAction","target":{"@type":"EntryPoint","urlTemplate":"https:\/\/angelespeluqueria.com\/en\/?s={search_term_string}"},"query-input":{"@type":"PropertyValueSpecification","valueRequired":true,"valueName":"search_term_string"}}],"inLanguage":"en-US"},{"@type":"Organization","@id":"https:\/\/angelespeluqueria.com\/en\/#organization","name":"Angeles D\u00edaz Beauty Salon","url":"https:\/\/angelespeluqueria.com\/en\/","logo":{"@type":"ImageObject","inLanguage":"en-US","@id":"https:\/\/angelespeluqueria.com\/en\/#\/schema\/logo\/image\/","url":"https:\/\/angelespeluqueria.com\/wp-content\/uploads\/2024\/10\/Logo-2-Angeles-Peluqueria.png","contentUrl":"https:\/\/angelespeluqueria.com\/wp-content\/uploads\/2024\/10\/Logo-2-Angeles-Peluqueria.png","width":266,"height":123,"caption":"Angeles D\u00edaz Beauty Salon"},"image":{"@id":"https:\/\/angelespeluqueria.com\/en\/#\/schema\/logo\/image\/"},"sameAs":["https:\/\/www.facebook.com\/adbeautysalon.74\/","https:\/\/www.instagram.com\/adbeautysalon.74\/?hl=es"]}]}},"_links":{"self":[{"href":"https:\/\/angelespeluqueria.com\/en\/wp-json\/wp\/v2\/pages\/1525","targetHints":{"allow":["GET"]}}],"collection":[{"href":"https:\/\/angelespeluqueria.com\/en\/wp-json\/wp\/v2\/pages"}],"about":[{"href":"https:\/\/angelespeluqueria.com\/en\/wp-json\/wp\/v2\/types\/page"}],"author":[{"embeddable":true,"href":"https:\/\/angelespeluqueria.com\/en\/wp-json\/wp\/v2\/users\/1"}],"replies":[{"embeddable":true,"href":"https:\/\/angelespeluqueria.com\/en\/wp-json\/wp\/v2\/comments?post=1525"}],"version-history":[{"count":11,"href":"https:\/\/angelespeluqueria.com\/en\/wp-json\/wp\/v2\/pages\/1525\/revisions"}],"predecessor-version":[{"id":1866,"href":"https:\/\/angelespeluqueria.com\/en\/wp-json\/wp\/v2\/pages\/1525\/revisions\/1866"}],"wp:attachment":[{"href":"https:\/\/angelespeluqueria.com\/en\/wp-json\/wp\/v2\/media?parent=1525"}],"curies":[{"name":"wp","href":"https:\/\/api.w.org\/{rel}","templated":true}]}}